{"id":244,"date":"2020-10-16T12:46:34","date_gmt":"2020-10-16T12:46:34","guid":{"rendered":"http:\/\/www.multasleon.com\/?page_id=244"},"modified":"2020-10-18T00:47:12","modified_gmt":"2020-10-18T00:47:12","slug":"valorar-contencioso","status":"publish","type":"page","link":"https:\/\/www.multasleon.com\/index.php\/valorar-contencioso\/","title":{"rendered":"VALORAR IR A JUICIO"},"content":{"rendered":"\n<figure class=\"wp-block-image size-large\"><img loading=\"lazy\" width=\"1024\" height=\"738\" src=\"http:\/\/www.multasleon.com\/wp-content\/uploads\/contencioso.-1-1024x738.jpg\" alt=\"\" class=\"wp-image-345\" srcset=\"https:\/\/www.multasleon.com\/wp-content\/uploads\/contencioso.-1-1024x738.jpg 1024w, https:\/\/www.multasleon.com\/wp-content\/uploads\/contencioso.-1-300x216.jpg 300w, https:\/\/www.multasleon.com\/wp-content\/uploads\/contencioso.-1-768x554.jpg 768w, https:\/\/www.multasleon.com\/wp-content\/uploads\/contencioso.-1-1536x1108.jpg 1536w, https:\/\/www.multasleon.com\/wp-content\/uploads\/contencioso.-1-2048x1477.jpg 2048w\" sizes=\"(max-width: 1024px) 100vw, 1024px\" \/><\/figure>\n\n\n\n<h2 class=\"has-text-align-center\"><span class=\"has-inline-color has-vivid-cyan-blue-color\">Si se da el caso de que hemos agotado todos los recursos posibles en las diferentes fases del expediente, \u00a1No todo est\u00e1 perdido!.<\/span><\/h2>\n\n\n\n<p class=\"has-text-align-center\"><p class=\"has-text-align-center\" style=\"text-align: justify;\">Si el resultado de la gesti\u00f3n del expediente en la v\u00eda administrativa es desestimatorio de nuestras pretensiones y creemos tener fundamentos que avalen una tramitaci\u00f3n defectuosa &nbsp;o vulneraci\u00f3n de alguno de nuestros derechos, as\u00ed como el convencimiento de que no tienen raz\u00f3n&nbsp; en la aplicaci\u00f3n de la sanci\u00f3n impuesta por parte del organismo correspondiente. Valoraremos entrar en demanda contencioso-administrativa ante los juzgados correspondientes pidiendo la anulaci\u00f3n de la desestimaci\u00f3n del \u00faltimo recurso (reposici\u00f3n o alzada, seg\u00fan el caso) presentado. En la valoraci\u00f3n tendremos en cuenta la sanci\u00f3n impuesta, los motivos que esgrimiremos para la demanda, los costes del proceso judicial, y sobre todo nuestro propio orgullo ante algo que consideremos injusto.<br><strong>Los Sres. Magistrados con plaza en los juzgados contencioso-administrativos que est\u00e1n en Le\u00f3n, suelen tener un&nbsp; criterio bastante unificado de doctrina a excepci\u00f3n de uno que <em>\u201cva m\u00e1s<\/em> <em>por libre<\/em><\/strong><em>\u201d<\/em>&nbsp; (Os pongo en situaci\u00f3n: En el a\u00f1o 2015, presentamos tres demandas el mismo d\u00eda, con los mismos hechos denunciados y sancionados al mismo establecimiento de hosteler\u00eda de Le\u00f3n, por la Delegaci\u00f3n Territorial de la Junta de Castilla y Le\u00f3n. Seg\u00fan el orden de reparto las tres cayeron en diferentes juzgados. Dos estimaron nuestras pretensiones y uno las desestim\u00f3. Por supuesto, la desestimatoria fue la que cay\u00f3 en el juzgado del Sr. Magistrado que os he dicho que <em>\u201cva m\u00e1s por libre\u201d <\/em>y actualmente&nbsp; todav\u00eda sigue como titular de ese Juzgado).<\/p><\/p>\n","protected":false},"excerpt":{"rendered":"<p>Si se da el caso de que hemos agotado todos los recursos posibles en las diferentes fases del expediente, \u00a1No todo est\u00e1 perdido!. Si el resultado de la gesti\u00f3n del expediente en la v\u00eda administrativa es desestimatorio de nuestras pretensiones y creemos tener fundamentos que avalen una tramitaci\u00f3n defectuosa &nbsp;o vulneraci\u00f3n de alguno de nuestros &hellip;<\/p>\n<p class=\"read-more\"> <a class=\"\" href=\"https:\/\/www.multasleon.com\/index.php\/valorar-contencioso\/\"> <span class=\"screen-reader-text\">VALORAR IR A JUICIO<\/span> Leer m\u00e1s &raquo;<\/a><\/p>\n","protected":false},"author":1,"featured_media":0,"parent":0,"menu_order":0,"comment_status":"closed","ping_status":"closed","template":"","meta":[],"yoast_head":"<!-- This site is optimized with the Yoast SEO plugin v15.1.1 - https:\/\/yoast.com\/wordpress\/plugins\/seo\/ -->\n<title>VALORAR IR A JUICIO -<\/title>\n<meta name=\"robots\" content=\"index, follow, max-snippet:-1, max-image-preview:large, max-video-preview:-1\" \/>\n<link rel=\"canonical\" href=\"http:\/\/www.multasleon.com\/index.php\/valorar-contencioso\/\" \/>\n<meta property=\"og:locale\" content=\"es_ES\" \/>\n<meta property=\"og:type\" content=\"article\" \/>\n<meta property=\"og:title\" content=\"VALORAR IR A JUICIO -\" \/>\n<meta property=\"og:description\" content=\"Si se da el caso de que hemos agotado todos los recursos posibles en las diferentes fases del expediente, \u00a1No todo est\u00e1 perdido!. Si el resultado de la gesti\u00f3n del expediente en la v\u00eda administrativa es desestimatorio de nuestras pretensiones y creemos tener fundamentos que avalen una tramitaci\u00f3n defectuosa &nbsp;o vulneraci\u00f3n de alguno de nuestros &hellip; VALORAR IR A JUICIO Leer m\u00e1s &raquo;\" \/>\n<meta property=\"og:url\" content=\"http:\/\/www.multasleon.com\/index.php\/valorar-contencioso\/\" \/>\n<meta property=\"article:modified_time\" content=\"2020-10-18T00:47:12+00:00\" \/>\n<meta property=\"og:image\" content=\"http:\/\/www.multasleon.com\/wp-content\/uploads\/contencioso.-1-1024x738.jpg\" \/>\n<meta name=\"twitter:card\" content=\"summary_large_image\" \/>\n<script type=\"application\/ld+json\" class=\"yoast-schema-graph\">{\"@context\":\"https:\/\/schema.org\",\"@graph\":[{\"@type\":[\"Person\",\"Organization\"],\"@id\":\"https:\/\/www.multasleon.com\/#\/schema\/person\/dfdd021f28f3e23df654c54e2e976226\",\"name\":\"admin\",\"image\":{\"@type\":\"ImageObject\",\"@id\":\"https:\/\/www.multasleon.com\/#personlogo\",\"inLanguage\":\"es\",\"url\":\"https:\/\/secure.gravatar.com\/avatar\/3c92b5674dcd51b9c2c941d7be86f6f6?s=96&d=mm&r=g\",\"caption\":\"admin\"},\"logo\":{\"@id\":\"https:\/\/www.multasleon.com\/#personlogo\"},\"sameAs\":[\"http:\/\/www.sobrevivir.online\"]},{\"@type\":\"WebSite\",\"@id\":\"https:\/\/www.multasleon.com\/#website\",\"url\":\"https:\/\/www.multasleon.com\/\",\"name\":\"\",\"description\":\"&quot;Te ayudo en tu derecho a ser o&iacute;do en cualquier expediente sancionador&quot;\",\"publisher\":{\"@id\":\"https:\/\/www.multasleon.com\/#\/schema\/person\/dfdd021f28f3e23df654c54e2e976226\"},\"potentialAction\":[{\"@type\":\"SearchAction\",\"target\":\"https:\/\/www.multasleon.com\/?s={search_term_string}\",\"query-input\":\"required name=search_term_string\"}],\"inLanguage\":\"es\"},{\"@type\":\"ImageObject\",\"@id\":\"http:\/\/www.multasleon.com\/index.php\/valorar-contencioso\/#primaryimage\",\"inLanguage\":\"es\",\"url\":\"http:\/\/www.multasleon.com\/wp-content\/uploads\/contencioso.-1-1024x738.jpg\"},{\"@type\":\"WebPage\",\"@id\":\"http:\/\/www.multasleon.com\/index.php\/valorar-contencioso\/#webpage\",\"url\":\"http:\/\/www.multasleon.com\/index.php\/valorar-contencioso\/\",\"name\":\"VALORAR IR A JUICIO -\",\"isPartOf\":{\"@id\":\"https:\/\/www.multasleon.com\/#website\"},\"primaryImageOfPage\":{\"@id\":\"http:\/\/www.multasleon.com\/index.php\/valorar-contencioso\/#primaryimage\"},\"datePublished\":\"2020-10-16T12:46:34+00:00\",\"dateModified\":\"2020-10-18T00:47:12+00:00\",\"inLanguage\":\"es\",\"potentialAction\":[{\"@type\":\"ReadAction\",\"target\":[\"http:\/\/www.multasleon.com\/index.php\/valorar-contencioso\/\"]}]}]}<\/script>\n<!-- \/ Yoast SEO plugin. -->","_links":{"self":[{"href":"https:\/\/www.multasleon.com\/index.php\/wp-json\/wp\/v2\/pages\/244"}],"collection":[{"href":"https:\/\/www.multasleon.com\/index.php\/wp-json\/wp\/v2\/pages"}],"about":[{"href":"https:\/\/www.multasleon.com\/index.php\/wp-json\/wp\/v2\/types\/page"}],"author":[{"embeddable":true,"href":"https:\/\/www.multasleon.com\/index.php\/wp-json\/wp\/v2\/users\/1"}],"replies":[{"embeddable":true,"href":"https:\/\/www.multasleon.com\/index.php\/wp-json\/wp\/v2\/comments?post=244"}],"version-history":[{"count":9,"href":"https:\/\/www.multasleon.com\/index.php\/wp-json\/wp\/v2\/pages\/244\/revisions"}],"predecessor-version":[{"id":374,"href":"https:\/\/www.multasleon.com\/index.php\/wp-json\/wp\/v2\/pages\/244\/revisions\/374"}],"wp:attachment":[{"href":"https:\/\/www.multasleon.com\/index.php\/wp-json\/wp\/v2\/media?parent=244"}],"curies":[{"name":"wp","href":"https:\/\/api.w.org\/{rel}","templated":true}]}}